{"id":30,"date":"2017-11-05T23:04:45","date_gmt":"2017-11-05T22:04:45","guid":{"rendered":"http:\/\/juszczyk.home.amu.edu.pl\/?page_id=30"},"modified":"2020-05-24T22:47:10","modified_gmt":"2020-05-24T20:47:10","slug":"nagrody","status":"publish","type":"page","link":"http:\/\/juszczyk.home.amu.edu.pl\/?page_id=30","title":{"rendered":"NAGRODY"},"content":{"rendered":"<p>2013: <strong>Pierwsza nagroda<\/strong> w konkursie popularyzatorskim Fundacji na Rzecz Nauki Polskiej INTER2013 za projekt aplikacji do rozpoznawania ruch\u00f3w r\u0105k (gest\u00f3w)<\/p>\n<p>2011:\u00a0<strong><em>Nagroda III stopnia Rektora<\/em><\/strong><em> Uniwersytetu im. Adama Mickiewicza za dzia\u0142alno\u015b\u0107 dydaktyczn\u0105 i organizacyjn\u0105<\/em><\/p>\n<p>2010:\u00a0<strong><em>Nagroda II stopnia Rektora<\/em><\/strong><em> Uniwersytetu im. Adama Mickiewicza za dzia\u0142alno\u015b\u0107 dydaktyczn\u0105 i organizacyjn\u0105<\/em><\/p>\n<p>2009:\u00a0<strong><em>Nagroda III stopnia Rektora<\/em><\/strong><em> Uniwersytetu im. Adama Mickiewicza za dzia\u0142alno\u015b\u0107 dydaktyczn\u0105 i organizacyjn\u0105<\/em><\/p>\n<p>2007:<em>\u00a0<strong>Nagroda Rektora <\/strong>za uko\u0144czenie doktoratu w ci\u0105gu 4 lat<\/em><\/p>\n","protected":false},"excerpt":{"rendered":"<p>2013: Pierwsza nagroda w konkursie popularyzatorskim Fundacji na Rzecz Nauki Polskiej INTER2013 za projekt aplikacji do rozpoznawania ruch\u00f3w r\u0105k (gest\u00f3w) 2011:\u00a0Nagroda III stopnia Rektora Uniwersytetu im. Adama Mickiewicza za dzia\u0142alno\u015b\u0107 dydaktyczn\u0105 i organizacyjn\u0105 2010:\u00a0Nagroda II stopnia Rektora Uniwersytetu im. Adama Mickiewicza za dzia\u0142alno\u015b\u0107 dydaktyczn\u0105 i organizacyjn\u0105 2009:\u00a0Nagroda III stopnia Rektora Uniwersytetu im. Adama Mickiewicza za [&hellip;]<\/p>\n","protected":false},"author":1,"featured_media":0,"parent":0,"menu_order":0,"comment_status":"closed","ping_status":"closed","template":"","meta":[],"_links":{"self":[{"href":"http:\/\/juszczyk.home.amu.edu.pl\/index.php?rest_route=\/wp\/v2\/pages\/30"}],"collection":[{"href":"http:\/\/juszczyk.home.amu.edu.pl\/index.php?rest_route=\/wp\/v2\/pages"}],"about":[{"href":"http:\/\/juszczyk.home.amu.edu.pl\/index.php?rest_route=\/wp\/v2\/types\/page"}],"author":[{"embeddable":true,"href":"http:\/\/juszczyk.home.amu.edu.pl\/index.php?rest_route=\/wp\/v2\/users\/1"}],"replies":[{"embeddable":true,"href":"http:\/\/juszczyk.home.amu.edu.pl\/index.php?rest_route=%2Fwp%2Fv2%2Fcomments&post=30"}],"version-history":[{"count":1,"href":"http:\/\/juszczyk.home.amu.edu.pl\/index.php?rest_route=\/wp\/v2\/pages\/30\/revisions"}],"predecessor-version":[{"id":31,"href":"http:\/\/juszczyk.home.amu.edu.pl\/index.php?rest_route=\/wp\/v2\/pages\/30\/revisions\/31"}],"wp:attachment":[{"href":"http:\/\/juszczyk.home.amu.edu.pl\/index.php?rest_route=%2Fwp%2Fv2%2Fmedia&parent=30"}],"curies":[{"name":"wp","href":"https:\/\/api.w.org\/{rel}","templated":true}]}}