{"id":25,"date":"2017-11-05T22:56:11","date_gmt":"2017-11-05T21:56:11","guid":{"rendered":"http:\/\/juszczyk.home.amu.edu.pl\/?page_id=25"},"modified":"2020-05-24T22:47:10","modified_gmt":"2020-05-24T20:47:10","slug":"aplikacje","status":"publish","type":"page","link":"http:\/\/juszczyk.home.amu.edu.pl\/?page_id=25","title":{"rendered":"APLIKACJE"},"content":{"rendered":"<p>Jestem wsp\u00f3\u0142autorem kilku metod badawczych i program\u00f3w komputerowych, kt\u00f3re s\u0105 ich implementacj\u0105. Dost\u0119p do program\u00f3w jest mo\u017cliwy po nawi\u0105zaniu wsp\u00f3\u0142pracy.<\/p>\n<p><strong>KINEMO<\/strong>: aplikacja do rejestracji i rozpoznawania ruch\u00f3w r\u0105k przeznaczona do cel\u00f3w badawczych komunikacji niewerbalnej oraz diagnostycznych w psychiatrii.<br \/>\nAutomatyczna anotacja gest\u00f3w w systemie NEUROGES pozwala na powi\u0105zanie ich z wynikami bada\u0144 nad zaburzeniami w komunikacji niewerbalnej, np. depresj\u0105. Aplikacja powsta\u0142a w ramach mi\u0119dzynarodowego projektu europejskiego (EFS) we wsp\u00f3\u0142pracy z prof. Hedd\u0105 Lausberg z Kolonii \u2013 tw\u00f3rczyni\u0105 systemu NEUROGES.<\/p>\n<p><strong>ELAN to THEME<\/strong> (we wsp\u00f3\u0142pracy z Kamilem Ciecierskim): skrypt w C++ i C# do konwersji anotacji z programu ELAN do programu THEME we wsp\u00f3\u0142pracy z\u00a0tw\u00f3rc\u0105 programu \u2013 prof. Magnusem Magnusonem z Reykjaviku na Islandii.<\/p>\n<p><strong>EAF2EASYDIAG<\/strong> (we wsp\u00f3\u0142pracy z Markiem Chabier\u0105): skrypt w pythonie do automatycznego zestawiania wynik\u00f3w ilo\u015bciowych z anotacji korpus\u00f3w nagra\u0144.<\/p>\n<p><strong>SPLIT-SCRIPT<\/strong> (we wsp\u00f3\u0142pracy z \u0141ukaszem Ciecierskim): skrypt w pythonie do automatycznego wycinania pr\u00f3bek gest\u00f3w z nagra\u0144 filmowych w formacie MPG.<\/p>\n","protected":false},"excerpt":{"rendered":"<p>Jestem wsp\u00f3\u0142autorem kilku metod badawczych i program\u00f3w komputerowych, kt\u00f3re s\u0105 ich implementacj\u0105. Dost\u0119p do program\u00f3w jest mo\u017cliwy po nawi\u0105zaniu wsp\u00f3\u0142pracy. KINEMO: aplikacja do rejestracji i rozpoznawania ruch\u00f3w r\u0105k przeznaczona do cel\u00f3w badawczych komunikacji niewerbalnej oraz diagnostycznych w psychiatrii. Automatyczna anotacja gest\u00f3w w systemie NEUROGES pozwala na powi\u0105zanie ich z wynikami bada\u0144 nad zaburzeniami w komunikacji [&hellip;]<\/p>\n","protected":false},"author":1,"featured_media":0,"parent":0,"menu_order":0,"comment_status":"closed","ping_status":"closed","template":"","meta":[],"_links":{"self":[{"href":"http:\/\/juszczyk.home.amu.edu.pl\/index.php?rest_route=\/wp\/v2\/pages\/25"}],"collection":[{"href":"http:\/\/juszczyk.home.amu.edu.pl\/index.php?rest_route=\/wp\/v2\/pages"}],"about":[{"href":"http:\/\/juszczyk.home.amu.edu.pl\/index.php?rest_route=\/wp\/v2\/types\/page"}],"author":[{"embeddable":true,"href":"http:\/\/juszczyk.home.amu.edu.pl\/index.php?rest_route=\/wp\/v2\/users\/1"}],"replies":[{"embeddable":true,"href":"http:\/\/juszczyk.home.amu.edu.pl\/index.php?rest_route=%2Fwp%2Fv2%2Fcomments&post=25"}],"version-history":[{"count":1,"href":"http:\/\/juszczyk.home.amu.edu.pl\/index.php?rest_route=\/wp\/v2\/pages\/25\/revisions"}],"predecessor-version":[{"id":26,"href":"http:\/\/juszczyk.home.amu.edu.pl\/index.php?rest_route=\/wp\/v2\/pages\/25\/revisions\/26"}],"wp:attachment":[{"href":"http:\/\/juszczyk.home.amu.edu.pl\/index.php?rest_route=%2Fwp%2Fv2%2Fmedia&parent=25"}],"curies":[{"name":"wp","href":"https:\/\/api.w.org\/{rel}","templated":true}]}}