{"id":23,"date":"2017-11-05T22:55:04","date_gmt":"2017-11-05T21:55:04","guid":{"rendered":"http:\/\/juszczyk.home.amu.edu.pl\/?page_id=23"},"modified":"2020-05-24T22:47:10","modified_gmt":"2020-05-24T20:47:10","slug":"korpusy","status":"publish","type":"page","link":"http:\/\/juszczyk.home.amu.edu.pl\/?page_id=23","title":{"rendered":"KORPUSY"},"content":{"rendered":"<p>Jestem wsp\u00f3\u0142tw\u00f3rc\u0105 kilku korpus\u00f3w nagra\u0144 d\u017awi\u0119kowych i\u00a0filmowych dotycz\u0105cych mi\u0119dzyludzkiej komunikacji multimodalnej (dialog\u00f3w).<br \/>\nDost\u0119p do korpus\u00f3w jest mo\u017cliwy po nawi\u0105zaniu wsp\u00f3\u0142pracy. Zainteresowanych prosz\u0119 o emaila z opisem celu bada\u0144 ze wskazaniem korpusu.<\/p>\n<p>Korpusy zosta\u0142y cz\u0119\u015bciowo przetranskrybowane i zanotowane w ramach kilku projekt\u00f3w badawczych (w tym dw\u00f3ch, kt\u00f3rymi kierowa\u0142em).<br \/>\nBra\u0142em udzia\u0142 w\u00a0przygotowywaniu system\u00f3w anotacji, nadzorowa\u0142em przebieg anotacji i analiz.<\/p>\n<p><strong>Korpus nagra\u0144 dialog\u00f3w w j\u0119zyku polskim<\/strong> \u2013 sesji coachingowych (55 m\u00f3wc\u00f3w; 75h) \u2013 transkrypcja i anotacja ruch\u00f3w r\u0105k NEUROGES<br \/>\nobj\u0119\u0142a 50 nagra\u0144, 30h transkrypcji mowy, 20h anotacji metafor werbalnych, 10h anotacji gest\u00f3w metaforycznych.<\/p>\n<p><strong>Korpus nagra\u0144 dialog\u00f3w i monolog\u00f3w w j\u0119zyku angielskim <\/strong>(12 m\u00f3wc\u00f3w; 2h)<br \/>\n\u2013 transkrypcja i anotacja ruch\u00f3w r\u0105k NEUROGES obj\u0119\u0142a 10 nagra\u0144.<\/p>\n<p><strong>Korpus nagra\u0144 dialog\u00f3w <\/strong><strong>zadaniowych w j\u0119zyku polskim<\/strong> (20 m\u00f3wc\u00f3w; 4h);<br \/>\n\u2013 transkrypcja i anotacja gest\u00f3w oraz intonacji obj\u0119\u0142a 2h.<\/p>\n<p><strong>Korpus nagra\u0144 dialog\u00f3w z narracj\u0105 w j\u0119zyku polskim<\/strong> (20 m\u00f3wc\u00f3w; 3h);<br \/>\n\u2013 transkrypcja i anotacja gest\u00f3w r\u0105k i g\u0142owy obj\u0119\u0142a 2h.<\/p>\n<p><strong>Korpus nagra\u0144 dialog\u00f3w zadaniowych w j\u0119zyku wietnamskim<\/strong> (30 m\u00f3wc\u00f3w; 5h);<br \/>\n\u2013 transkrypcja i anotacja ruch\u00f3w dialogowych obj\u0119\u0142a 2h (przek\u0142ad na j\u0119zyki angielski i\u00a0polski).<\/p>\n","protected":false},"excerpt":{"rendered":"<p>Jestem wsp\u00f3\u0142tw\u00f3rc\u0105 kilku korpus\u00f3w nagra\u0144 d\u017awi\u0119kowych i\u00a0filmowych dotycz\u0105cych mi\u0119dzyludzkiej komunikacji multimodalnej (dialog\u00f3w). Dost\u0119p do korpus\u00f3w jest mo\u017cliwy po nawi\u0105zaniu wsp\u00f3\u0142pracy. Zainteresowanych prosz\u0119 o emaila z opisem celu bada\u0144 ze wskazaniem korpusu. Korpusy zosta\u0142y cz\u0119\u015bciowo przetranskrybowane i zanotowane w ramach kilku projekt\u00f3w badawczych (w tym dw\u00f3ch, kt\u00f3rymi kierowa\u0142em). Bra\u0142em udzia\u0142 w\u00a0przygotowywaniu system\u00f3w anotacji, nadzorowa\u0142em przebieg anotacji [&hellip;]<\/p>\n","protected":false},"author":1,"featured_media":0,"parent":0,"menu_order":0,"comment_status":"closed","ping_status":"closed","template":"","meta":[],"_links":{"self":[{"href":"http:\/\/juszczyk.home.amu.edu.pl\/index.php?rest_route=\/wp\/v2\/pages\/23"}],"collection":[{"href":"http:\/\/juszczyk.home.amu.edu.pl\/index.php?rest_route=\/wp\/v2\/pages"}],"about":[{"href":"http:\/\/juszczyk.home.amu.edu.pl\/index.php?rest_route=\/wp\/v2\/types\/page"}],"author":[{"embeddable":true,"href":"http:\/\/juszczyk.home.amu.edu.pl\/index.php?rest_route=\/wp\/v2\/users\/1"}],"replies":[{"embeddable":true,"href":"http:\/\/juszczyk.home.amu.edu.pl\/index.php?rest_route=%2Fwp%2Fv2%2Fcomments&post=23"}],"version-history":[{"count":1,"href":"http:\/\/juszczyk.home.amu.edu.pl\/index.php?rest_route=\/wp\/v2\/pages\/23\/revisions"}],"predecessor-version":[{"id":24,"href":"http:\/\/juszczyk.home.amu.edu.pl\/index.php?rest_route=\/wp\/v2\/pages\/23\/revisions\/24"}],"wp:attachment":[{"href":"http:\/\/juszczyk.home.amu.edu.pl\/index.php?rest_route=%2Fwp%2Fv2%2Fmedia&parent=23"}],"curies":[{"name":"wp","href":"https:\/\/api.w.org\/{rel}","templated":true}]}}