{"id":17,"date":"2017-11-05T22:46:54","date_gmt":"2017-11-05T21:46:54","guid":{"rendered":"http:\/\/juszczyk.home.amu.edu.pl\/?page_id=17"},"modified":"2020-05-24T22:47:10","modified_gmt":"2020-05-24T20:47:10","slug":"wyksztalcenie","status":"publish","type":"page","link":"http:\/\/juszczyk.home.amu.edu.pl\/?page_id=17","title":{"rendered":"WYKSZTA\u0141CENIE"},"content":{"rendered":"<ul>\n<li>2007: doktor nauk humanistycznych w zakresie j\u0119zykoznawstwa stosowanego\u00a0Uniwersytecie im. Adama Mickiewicza w Poznaniu<br \/>\n<strong><em>Dialog dziecka z komputerem w procesie nauki czytania w j\u0119zyku obcym<\/em><\/strong><\/li>\n<li>2014: <strong>Certyfikat coacha ICF\/ACC<\/strong> \u2013 szkolenie w PROFI BIZNES GROUP\n<p>2012-2015: <strong>Certyfikat NEUROGES rater<\/strong> \u2013 szkolenia w Kolonii (anotacja gest\u00f3w).<\/p>\n<p>2010: \u00a0 <strong>szkolenie trenerskie<\/strong>\u00a0we\u00a0Wszechnicy Uniwersytetu Jagiello\u0144skiego<br \/>\n(tytu\u0142 zawodowy trenera wg Europejskich Ram Kwalifikacji)<\/p>\n<p>2008-2009:\u00a0studia podyplomowe\u00a0<strong>Psychologia w firmie i \u017cyciu spo\u0142ecznym<br \/>\n<\/strong>(Szko\u0142a Wy\u017csza Psychologii Spo\u0142ecznej w Warszawie i Wy\u017csza Szko\u0142a Nauk Humanistycznych i Dziennikarstwa\u00a0w Poznaniu)<\/p>\n<p>2004-2005: <strong><em>Grafika u\u017cytkowa i sk\u0142ad tekstu<\/em><\/strong> na<em> Akademii Technik Komputerowych <\/em>w Poznaniu<\/li>\n<li>2003: magister filologii w zakresie etnolingwistyki na\u00a0Uniwersytecie im. Adama Mickiewicza w Poznaniu<br \/>\n<strong><em>Psycholingwistyczne aspekty przetwarzania gier s\u0142ownych<\/em><\/strong><\/li>\n<\/ul>\n<p>&nbsp;<\/p>\n","protected":false},"excerpt":{"rendered":"<p>2007: doktor nauk humanistycznych w zakresie j\u0119zykoznawstwa stosowanego\u00a0Uniwersytecie im. Adama Mickiewicza w Poznaniu Dialog dziecka z komputerem w procesie nauki czytania w j\u0119zyku obcym 2014: Certyfikat coacha ICF\/ACC \u2013 szkolenie w PROFI BIZNES GROUP 2012-2015: Certyfikat NEUROGES rater \u2013 szkolenia w Kolonii (anotacja gest\u00f3w). 2010: \u00a0 szkolenie trenerskie\u00a0we\u00a0Wszechnicy Uniwersytetu Jagiello\u0144skiego (tytu\u0142 zawodowy trenera wg Europejskich [&hellip;]<\/p>\n","protected":false},"author":1,"featured_media":0,"parent":0,"menu_order":0,"comment_status":"closed","ping_status":"closed","template":"","meta":[],"_links":{"self":[{"href":"http:\/\/juszczyk.home.amu.edu.pl\/index.php?rest_route=\/wp\/v2\/pages\/17"}],"collection":[{"href":"http:\/\/juszczyk.home.amu.edu.pl\/index.php?rest_route=\/wp\/v2\/pages"}],"about":[{"href":"http:\/\/juszczyk.home.amu.edu.pl\/index.php?rest_route=\/wp\/v2\/types\/page"}],"author":[{"embeddable":true,"href":"http:\/\/juszczyk.home.amu.edu.pl\/index.php?rest_route=\/wp\/v2\/users\/1"}],"replies":[{"embeddable":true,"href":"http:\/\/juszczyk.home.amu.edu.pl\/index.php?rest_route=%2Fwp%2Fv2%2Fcomments&post=17"}],"version-history":[{"count":2,"href":"http:\/\/juszczyk.home.amu.edu.pl\/index.php?rest_route=\/wp\/v2\/pages\/17\/revisions"}],"predecessor-version":[{"id":38,"href":"http:\/\/juszczyk.home.amu.edu.pl\/index.php?rest_route=\/wp\/v2\/pages\/17\/revisions\/38"}],"wp:attachment":[{"href":"http:\/\/juszczyk.home.amu.edu.pl\/index.php?rest_route=%2Fwp%2Fv2%2Fmedia&parent=17"}],"curies":[{"name":"wp","href":"https:\/\/api.w.org\/{rel}","templated":true}]}}